{"id":1821,"date":"2015-09-24T21:35:46","date_gmt":"2015-09-24T19:35:46","guid":{"rendered":"http:\/\/svixheim.de\/?page_id=1821"},"modified":"2019-11-15T19:45:56","modified_gmt":"2019-11-15T17:45:56","slug":"1956-1965","status":"publish","type":"page","link":"https:\/\/svixheim.de\/?page_id=1821","title":{"rendered":"Historie-1956-1965"},"content":{"rendered":"<p>[et_pb_section][et_pb_row][et_pb_column type=&#8220;4_4&#8243;][et_pb_text admin_label=&#8220;Text&#8220; background_layout=&#8220;light&#8220; text_orientation=&#8220;left&#8220;]<\/p>\n<p><strong>Die erfolgreichsten Jahre des SV Ixheim<\/strong><\/p>\n<p>Im Jahre 1956 wurde unbemerkt von der s\u00fcdwestdeutschen Sportpresse ein Versuch unternommen, der dem s\u00fcdwestdeutschen, insbesondere dem saarpf\u00e4lzischen Fu\u00dfball neue Wege zeigen sollte. Die B-Klasse Pirmasens\/Zweibr\u00fccken wurde aufgel\u00f6st, desgleichen die C-Klasse. An ihre Stelle trat nun die B-Klasse &#8222;Blies-Pfalz&#8220;, gebildet aus 12 Vereinen der Kreise Zweibr\u00fccken, Homburg und St.Ingbert. Leider wurde diese Gruppe 1957 wieder aufgel\u00f6st. Engstirniger Egoismus war st\u00e4rker als gesunder Sportgeist. Meister dieser Klasse wurde der TuS Rimschweiler, der SV Ixheim wurde dritter. War der Gewinn der Meisterschaft nicht m\u00f6glich so wollte der SVI wenigstens den Pokal an den Etzelweg holen. Im Halbfinale bezwang der SVI die Mittelbacher durch Tore von Pirrot (2) und Baumann. Das Finale fand in Niederauerbach statt. Gegner war hier der TuS Rimschweiler. Vor einer stattlichen Kulisse gewann der SVI mit 2:1. Zweifacher Torsch\u00fctze war hier wiedermal Ludwig Pirrot. Als Pokalsieger konnten die Ixheimer weitere Entscheidungsspiele bestreiten, um an den Aufstiegsspielen teilnehmen zu k\u00f6nnen. So war der n\u00e4chste Gegner SV N\u00fcnschweiler, der nach einem harten Kampf am 18. Mai 1957 in Stambach mit 3:1 besiegt wurde. Der h\u00e4rteste Brocken, mit der Polizei Pirmasens, folgte acht Tage sp\u00e4ter in Rieschweiler. Lange Zeit waren die Spielvorteile verteilt, erst eine Musterkombination von Weis und Gru\u00df beschenkte den SVI mit dem F\u00fchrungstreffer. Aber die Pirmasenser steckten nicht auf, nein ganz im Gegenteil, man sah sogar das schlimmste kommen als der sonst so sichere Elfersch\u00fctze Fritz Krau\u00df einen Elfer verschoss. Aber die Ixheimer Defensivabteilung hielt stand und Gru\u00df gelang dann auch noch das 2:0. Die Aufstiegsrunde war erreicht!<\/p>\n<p>[\/et_pb_text][et_pb_image admin_label=&#8220;Bild&#8220; src=&#8220;http:\/\/svixheim.de\/wp-content\/uploads\/2015\/09\/1955_2.jpg&#8220; alt=&#8220;1.Mannschaft 1955: stehend v. l. n. r. Krau\u00df W., Krau\u00df H., Wei\u00dfhaupt, Gehlbach, Fieger, Krau\u00df Fr., Gebhard, Bastian, knieend v. l. n. r. Krau\u00df Kr., Roos, Alt.&#8220; title_text=&#8220;1.Mannschaft 1955: stehend v. l. n. r. Krau\u00df W., Krau\u00df H., Wei\u00dfhaupt, Gehlbach, Fieger, Krau\u00df Fr., Gebhard, Bastian, knieend v. l. n. r. Krau\u00df Kr., Roos, Alt.&#8220; show_in_lightbox=&#8220;off&#8220; url_new_window=&#8220;off&#8220; animation=&#8220;left&#8220; sticky=&#8220;off&#8220; \/][et_pb_text admin_label=&#8220;Text&#8220; background_layout=&#8220;light&#8220; text_orientation=&#8220;left&#8220;]<\/p>\n<p>1.Mannschaft 1955: stehend v. l. n. r. Krau\u00df W., Krau\u00df H., Wei\u00dfhaupt, Gehlbach, Fieger, Krau\u00df Fr., Gebhard, Bastian, knieend v. l. n. r. Krau\u00df Kr., Roos, Alt.<\/p>\n<p>&nbsp;<\/p>\n<p>Hier war der erste Gegner wieder einmal der TuS aus Rimschweiler. Vor knapp 800 Zuschauer trennte man sich 1:1. Der n\u00e4chste Gegner hie\u00df Merzalben. In einem atemberaubenden Spiel gewannen die Mannen vom Etzelweg mit 4:2. Und nach dem 2:1 Erfolg gegen Heltersberg am Pfingstsamstag 1957 war der Aufstieg greifbar nahe. Im entscheidenden Spiel, acht Tage sp\u00e4ter, gewannen die XM`er an der Turnhalle in Rimschweiler gegen den Hausherren mit 5:0. Innerhalb von drei Wochen hatten die Ixheimer drei Meistermannschaften bezwungen und somit den Aufstieg in die A-Klasse geschafft.<\/p>\n<p><strong>S\u00fcdwestdeutscher Juniorenmeister 1956\/57<\/strong><\/p>\n<p>War der Aufstieg in die A-Klasse ein riesen Erfolg, der \u00fcberall gro\u00dfe Beachtung fand, so hat das Spieljahr 1956\/57 einen weiteren Erfolg gebracht, der bis heute als der einsame H\u00f6hepunkt der Ixheimer Fu\u00dfballgeschichte gilt. Unsere erfolgreiche Jugendmannschaft der F\u00fcnfziger Jahre kr\u00f6nte ihre anhaltende Serie sportlicher Erfolge mit dem Titel des &#8222;S\u00fcdwestdeutschen Juniorenmeisters&#8220;.<\/p>\n<p>[\/et_pb_text][et_pb_image admin_label=&#8220;Bild&#8220; src=&#8220;http:\/\/svixheim.de\/wp-content\/uploads\/2015\/09\/1956_21.jpg&#8220; alt=&#8220;st.von li. nach re. 1.Vortstand Hautz, Sch\u00f6nborn D., Weiss N., Bastian H., Neum\u00fcller W., Utzinger D., Jugentleiter Golzem; si. von li. nach re. Bastian O., Gru\u00df J., Risch L., Sand R., Stichler E., Noe G.&#8220; title_text=&#8220;st.von li. nach re. 1.Vortstand Hautz, Sch\u00f6nborn D., Weiss N., Bastian H., Neum\u00fcller W., Utzinger D., Jugentleiter Golzem; si. von li. nach re. Bastian O., Gru\u00df J., Risch L., Sand R., Stichler E., Noe G.&#8220; show_in_lightbox=&#8220;off&#8220; url_new_window=&#8220;off&#8220; animation=&#8220;left&#8220; sticky=&#8220;off&#8220; \/][et_pb_text admin_label=&#8220;Text&#8220; background_layout=&#8220;light&#8220; text_orientation=&#8220;left&#8220;]<\/p>\n<p>st.von li. nach re. 1.Vortstand Hautz, Sch\u00f6nborn D., Weiss N., Bastian H., Neum\u00fcller W., Utzinger D., Jugentleiter Golzem; si. von li. nach re. Bastian O., Gru\u00df J., Risch L., Sand R., Stichler E., Noe G.<\/p>\n<p>&nbsp;<\/p>\n<p>Nach Abschlu\u00df der Junioren Bezirksliga Hinterpfalz, waren der SV Ixheim und der FK Pirmasens mit jeweils 37:7 Punkte an der Tabellenspitze.<\/p>\n<p>Der FKP wurde am 7.April 1957 in Ixheim, durch ein Tor vom &#8222;legend\u00e4ren&#8220; Dieter Sch\u00f6nborn, mit 1:0 bezwungen. Aber der gr\u00f6\u00dfte &#8222;Schmankerl&#8220; in diesem Spiel, war ein gehaltener Elfmeter vom Ixheimer Goali Stichler, der somit ein Entscheidungsspiel erzwungen hatte.<\/p>\n<p>Dieses Entscheidungsspiel fand am 5.Mai 1957 an der &#8222;Dicken Eiche&#8220; in Rieschweiler statt. Mit st\u00fcrmischen Angriffen berannten die Ixheimer das Pirmasenser Tor. Und in der 27.Minute gelang Neum\u00fcller die 1:0 F\u00fchrung. Mit diesem Spielstand ging es dann auch in die Pause. Nach dem Seitenwechsel berannten die Pirmasener Schuhst\u00e4dter unser Heiligtum, bis ihnen dann durch Jost kurz vor Spielende der Ausgleich gelang. Es ging in die Verl\u00e4ngerung. Beide Mannschaften waren sichtlich mit ihren Kr\u00e4ften am Ende. Aber kurz vor Toreschlu\u00df gelang Sch\u00f6nborn der alles umjubelnde Siegestreffer. Der SVI war Bezirksmeister und zog somit in das Finale des &#8222;S\u00fcdwestdeutschen Fu\u00dfballverbandes&#8220; ein.<\/p>\n<p>Das Endspiel fand am 17.Juni 1957 im VFR-Station in Frankenthal statt. Gegner war hier der FV Dudenhofen. Dieter Sch\u00f6nborn schaffte das 1:0, ehe die tapfer k\u00e4mpfenden Vorder-Pf\u00e4lzer ausglichen. Bastian gelang die wichtige 2:1 F\u00fchrung bis dann schlie\u00dflich Neum\u00fcller mit einem Bombenschu\u00df das 3:1 Endergebnis gelang. Es herrschte riesen-gro\u00dfer Jubel im Ixheimer Lager, denn der SVI war &#8222;S\u00fcdwestdeutscher-Juniorenmeister&#8220;!!!<\/p>\n<p>[\/et_pb_text][et_pb_image admin_label=&#8220;Bild&#8220; \/][\/et_pb_column][\/et_pb_row][et_pb_row][et_pb_column type=&#8220;1_2&#8243;][et_pb_image admin_label=&#8220;Bild&#8220; src=&#8220;http:\/\/svixheim.de\/wp-content\/uploads\/2015\/09\/1957.jpg&#8220; show_in_lightbox=&#8220;off&#8220; url_new_window=&#8220;off&#8220; animation=&#8220;left&#8220; sticky=&#8220;off&#8220; \/][\/et_pb_column][et_pb_column type=&#8220;1_2&#8243;][et_pb_image admin_label=&#8220;Bild&#8220; src=&#8220;http:\/\/svixheim.de\/wp-content\/uploads\/2015\/09\/1957_2.jpg&#8220; show_in_lightbox=&#8220;off&#8220; url_new_window=&#8220;off&#8220; animation=&#8220;left&#8220; sticky=&#8220;off&#8220; \/][\/et_pb_column][\/et_pb_row][et_pb_row][et_pb_column type=&#8220;4_4&#8243;][et_pb_text admin_label=&#8220;Text&#8220; background_layout=&#8220;light&#8220; text_orientation=&#8220;left&#8220;]<\/p>\n<p>Die beiden Bilder zeigen Ausschnitte aus dem Endspiel in Frankenthal: links kurz nach dem Spiel, es herrschte eine riesen Freude als der Sieg unter Dach und Fach stand. Rechts die Pokal\u00fcbergabe. Das war der gr\u00f6\u00dfte Erfolg der Ixheimer Vereinsgeschichte!<\/p>\n<p>&nbsp;<\/p>\n<p>Der gr\u00f6\u00dfte Erfolg der Ixheimer Fu\u00dfballgeschichte machte andere Vereine auf den SV Ixheim aufmerksam. Der damals schon hoch im Kurs stehende 1.FC Kaiserslautern holte Dieter Sch\u00f6nborn zu sich auf den &#8222;Betzenberg&#8220;. Ihm war es noch verg\u00f6nnt in der 1.Mannschaft der &#8222;Roten Teufel&#8220; zusammen mit Fritz und Otmar Walter, Werner Liebrich und Horst Eckel zu spielen. 1963\/64 geh\u00f6rte er noch zum Bundesliga aufgebot des FCK ehe er dann zum Regionalligisten TSC Zweibr\u00fccken wechselte. 1968 ist Dieter Sch\u00f6nborn dann zu seinem Heimatverein zur\u00fcckgekehrt und hatte am erfolgreichen Abschneiden in der A-Klasse entscheidenden Anteil.<\/p>\n<p><b>1957\/58<br \/>\n<\/b>Im Spieljahr 1957\/58 spielte unsere Mannschaft in der A-Klasse S\u00fcd. Die damaligen Gegner waren sehr spielstark, oft gab es erfreuliche, aber oft auch unerfreuliche Ergebnisse. Trotz allem hat sich unsere junge Mannschaft tapfer geschlagen.<\/p>\n<p>Hier unsere Gegner: TSC Amateure, Waldfischbach, Gersbach, Merzalben, Clausen, Erlenbrunn, Thaleischweiler, Rieschweiler,Burgalben, Niedersimten, Herschberg, H\u00f6hein\u00f6d, Bruchweiler, Niederauerbach und Bundenthal.<\/p>\n<p><b>1959\/60<br \/>\n<\/b>Das Spieljahr 1959-1960 war eine harte Nuss f\u00fcr den Verein. Es konnte niemand damit rechnen, dass gegen den Abstieg gek\u00e4mpft werden musste. Die Gegner waren fast dieselben wie ein Jahr zuvor. Am Ende der Punkterunde standen vier Mannschaften dem Abstieg nahe. Eppenbrunn war bereits als Absteiger sicher. Merzalben, die TSC Amateure, Niederauerbach und der SVI spielten den zweiten Absteiger aus. Unsere junge Mannschaft schaffte mit viel Ehrgeiz gegen Niederauerbach auf dem VB-Platz einen 5:0-Sieg und der Klassenerhalt war geschafft. In diesem Jahr war auch eine 1b Mannschaft am Start. Sie spielte in der Spielgruppe2- Zweibr\u00fccken\/Pirmasens (n\u00e4here Angaben liegen nicht vor).<\/p>\n<p>[\/et_pb_text][et_pb_image admin_label=&#8220;Bild&#8220; src=&#8220;http:\/\/svixheim.de\/wp-content\/uploads\/2015\/09\/1959.jpg&#8220; alt=&#8220;1.Mannschaft 1959 vo. li. nach re.:Krau\u00df Fr., Holz Joh., Risch L., M\u00fcller K., Leiner G., Engelke H., Grimm Fr., Faber P., Krau\u00df H., Lapp H., Sch\u00f6ller R.&#8220; title_text=&#8220;1.Mannschaft 1959 vo. li. nach re.:Krau\u00df Fr., Holz Joh., Risch L., M\u00fcller K., Leiner G., Engelke H., Grimm Fr., Faber P., Krau\u00df H., Lapp H., Sch\u00f6ller R.&#8220; show_in_lightbox=&#8220;off&#8220; url_new_window=&#8220;off&#8220; animation=&#8220;left&#8220; sticky=&#8220;off&#8220; \/][et_pb_text admin_label=&#8220;Text&#8220; background_layout=&#8220;light&#8220; text_orientation=&#8220;left&#8220;]1.Mannschaft 1959 vo. li. nach re.:Krau\u00df Fr., Holz Joh., Risch L., M\u00fcller K., Leiner G., Engelke H., Grimm Fr., Faber P., Krau\u00df H., Lapp H., Sch\u00f6ller R. \u00a0 <b>1960\/61 <\/b>In der Saison 1960\/61 wurde in der A-Klasse mit abwechslungsreichem Erfolg gespielt. Die Gegner waren die gleichen wie im Vorjahr, au\u00dfer Clausen, das als Meister Aufstieg und Dellfeld, welches als Neuling hinzu kam. Hier ein Ausschnitt aus dem Spiel Ixheim-H\u00f6hein\u00f6d 5:0. Die Zeitung schrieb: &#8222;Nach der Pause lief das Ixheimer Spiel.&#8220; Es sah keineswegs bei Halbzeit nach einem hohen Sieg aus. Erst als der Verletzte J.Alt nach vorn wechselte und ein Tor erzielte, bekam das Spiel Linie. K.Massar (2), und Kh.Krau\u00df sowie W.Neum\u00fcller gelangen je ein Tor zum 5:0 Sieg.[\/et_pb_text][et_pb_image admin_label=&#8220;Bild&#8220; src=&#8220;http:\/\/svixheim.de\/wp-content\/uploads\/2015\/09\/1961.jpg&#8220; alt=&#8220;1.Mannschaft beim Fr\u00fchschoppen Kerwe Montag 1961&#8243; title_text=&#8220;1.Mannschaft beim Fr\u00fchschoppen Kerwe Montag 1961&#8243; show_in_lightbox=&#8220;off&#8220; url_new_window=&#8220;off&#8220; animation=&#8220;left&#8220; sticky=&#8220;off&#8220; \/][et_pb_text admin_label=&#8220;Text&#8220; background_layout=&#8220;light&#8220; text_orientation=&#8220;left&#8220;]<\/p>\n<p>1.Mannschaft beim Fr\u00fchschoppen Kerwe Montag 1961<\/p>\n<p>&nbsp;<\/p>\n<p><b>1961\/62<br \/>\n<\/b>1961-1962 war ein schicksalsschweres Jahr f\u00fcr den SVI. Die erste Mannschaft musste nach gro\u00dfem Kampf wieder in die B-Klasse absteigen. Trotz allem, muss an dieser Stelle erw\u00e4hnt werden, dass die zweite Mannschaft die Meisterschaft in der Reserve-Runde feiern konnte.<\/p>\n<p>[\/et_pb_text][et_pb_image admin_label=&#8220;Bild&#8220; src=&#8220;http:\/\/svixheim.de\/wp-content\/uploads\/2015\/09\/1962.jpg&#8220; alt=&#8220;Hier die Aktiven mit Frauen bei einem Ausflug nach Oberscholz\/Saarschleife 1962)&#8220; title_text=&#8220;Hier die Aktiven mit Frauen bei einem Ausflug nach Oberscholz\/Saarschleife 1962)&#8220; show_in_lightbox=&#8220;off&#8220; url_new_window=&#8220;off&#8220; animation=&#8220;left&#8220; sticky=&#8220;off&#8220; \/][et_pb_text admin_label=&#8220;Text&#8220; background_layout=&#8220;light&#8220; text_orientation=&#8220;left&#8220;]Hier die Aktiven mit Frauen bei einem Ausflug nach Oberscholz\/Saarschleife 1962) \u00a0 <b>1963\/64 <\/b>Nach dem ungl\u00fccklichen Abstieg trat beim SVI eine gewisse Stagnation ein. In der B-Klasse Zweibr\u00fccken\/Pirmasens dominierte in diesem Jahr unser alter Rivale TuS Hornbach, der sich Meisterschaft und Pokal sichern konnte, ohne allerdings den Aufstieg zu schaffen. Unsere Mannschaft beendete die Runde auf einem Mittelfeld-Platz, ohne irgendwann in der Runde gr\u00f6\u00dfere\u00a0Ambitionen auf einen Aufstiegsplatz anzumelden.[\/et_pb_text][et_pb_image admin_label=&#8220;Bild&#8220; src=&#8220;http:\/\/svixheim.de\/wp-content\/uploads\/2015\/09\/1964.jpg&#8220; alt=&#8220;Die 1b Mannschaft 1964&#8243; title_text=&#8220;Die 1b Mannschaft 1964&#8243; show_in_lightbox=&#8220;off&#8220; url_new_window=&#8220;off&#8220; animation=&#8220;left&#8220; sticky=&#8220;off&#8220; \/][et_pb_text admin_label=&#8220;Text&#8220; background_layout=&#8220;light&#8220; text_orientation=&#8220;left&#8220;]<\/p>\n<p>Die 1b Mannschaft 1964<\/p>\n<p>&nbsp;<\/p>\n<p><b>1964\/65<br \/>\n<\/b>Hier standen nun Mannschaften im Teilnehmerfeld, die schon bessere Tage erlebt hatten. Mit dem SV N`auerbach geh\u00f6rte ein ehemaliger Verein der 2.Amateurliga der Klasse an. Neben Ixheim und Stambach spielten 1964-1965 auch die TSC Amateure in der neu gegr\u00fcndeten B-Klasse\/Zweibr\u00fccken. Und der erste Meister der neuen Klasse hie\u00df SV Ixheim. Mit einem Punkteverh\u00e4ltnis von 47:5 wurde ein Rekord aufgestellt. Nach der neuen Regelung stiegen die Ixheimer in die neue A-Klasse auf.<\/p>\n<p>[\/et_pb_text][\/et_pb_column][\/et_pb_row][\/et_pb_section]<\/p>\n","protected":false},"excerpt":{"rendered":"<p><div class=\"et_pb_section et_pb_section_0 et_section_regular\" >\n\t\t\t\t\n\t\t\t\t\n\t\t\t\t\n\t\t\t\t\n\t\t\t\t\n\t\t\t\t\n\t\t\t\t\n\t\t\t\t\n\t\t\t\t\n\t\t\t<\/div><div class=\"et_pb_row et_pb_row_0 et_pb_row_empty\">\n\t\t\t\t\n\t\t\t\t\n\t\t\t\t\n\t\t\t\t\n\t\t\t\t\n\t\t\t<\/div> Die erfolgreichsten Jahre des SV Ixheim Im Jahre 1956 wurde unbemerkt von der s\u00fcdwestdeutschen Sportpresse ein Versuch unternommen, der dem s\u00fcdwestdeutschen, insbesondere dem saarpf\u00e4lzischen Fu\u00dfball neue Wege zeigen sollte. Die B-Klasse Pirmasens\/Zweibr\u00fccken wurde aufgel\u00f6st, desgleichen die C-Klasse. An ihre Stelle trat nun die B-Klasse &#8222;Blies-Pfalz&#8220;, gebildet aus 12 Vereinen der Kreise Zweibr\u00fccken, Homburg und [&hellip;]<\/p>\n","protected":false},"author":3,"featured_media":0,"parent":0,"menu_order":0,"comment_status":"closed","ping_status":"closed","template":"","meta":{"_et_pb_use_builder":"on","_et_pb_old_content":"","_et_gb_content_width":"","footnotes":""},"class_list":["post-1821","page","type-page","status-publish","hentry"],"_links":{"self":[{"href":"https:\/\/svixheim.de\/index.php?rest_route=\/wp\/v2\/pages\/1821","targetHints":{"allow":["GET"]}}],"collection":[{"href":"https:\/\/svixheim.de\/index.php?rest_route=\/wp\/v2\/pages"}],"about":[{"href":"https:\/\/svixheim.de\/index.php?rest_route=\/wp\/v2\/types\/page"}],"author":[{"embeddable":true,"href":"https:\/\/svixheim.de\/index.php?rest_route=\/wp\/v2\/users\/3"}],"replies":[{"embeddable":true,"href":"https:\/\/svixheim.de\/index.php?rest_route=%2Fwp%2Fv2%2Fcomments&post=1821"}],"version-history":[{"count":7,"href":"https:\/\/svixheim.de\/index.php?rest_route=\/wp\/v2\/pages\/1821\/revisions"}],"predecessor-version":[{"id":3321,"href":"https:\/\/svixheim.de\/index.php?rest_route=\/wp\/v2\/pages\/1821\/revisions\/3321"}],"wp:attachment":[{"href":"https:\/\/svixheim.de\/index.php?rest_route=%2Fwp%2Fv2%2Fmedia&parent=1821"}],"curies":[{"name":"wp","href":"https:\/\/api.w.org\/{rel}","templated":true}]}}